{"id":483,"date":"2021-03-30T10:06:02","date_gmt":"2021-03-30T10:06:02","guid":{"rendered":"http:\/\/www.nicdarkthemes.com\/themes\/seafood\/wp\/demo\/seafood\/?page_id=483"},"modified":"2026-03-19T09:15:00","modified_gmt":"2026-03-19T08:15:00","slug":"contact","status":"publish","type":"page","link":"https:\/\/chateaudargens.com\/en\/contact\/","title":{"rendered":"Contact"},"content":{"rendered":"<div data-elementor-type=\"wp-page\" data-elementor-id=\"483\" class=\"elementor elementor-483\" data-elementor-post-type=\"page\">\n\t\t\t\t<div class=\"elementor-element elementor-element-1431db7d e-con-full e-flex e-con e-parent\" data-id=\"1431db7d\" data-element_type=\"container\" data-settings=\"{&quot;background_background&quot;:&quot;classic&quot;}\">\n\t\t\t\t<div class=\"elementor-element elementor-element-23cd1e10 elementor-widget__width-inherit elementor-widget elementor-widget-heading\" data-id=\"23cd1e10\" data-element_type=\"widget\" data-widget_type=\"heading.default\">\n\t\t\t\t<div class=\"elementor-widget-container\">\n\t\t\t\t\t<h1 class=\"elementor-heading-title elementor-size-default\">Form &amp; access<\/h1>\t\t\t\t<\/div>\n\t\t\t\t<\/div>\n\t\t\t\t<\/div>\n\t\t\t\t<section class=\"elementor-section elementor-top-section elementor-element elementor-element-71433ac2 elementor-section-content-top elementor-section-stretched elementor-section-boxed elementor-section-height-default elementor-section-height-default\" data-id=\"71433ac2\" data-element_type=\"section\" data-settings=\"{&quot;stretch_section&quot;:&quot;section-stretched&quot;,&quot;background_background&quot;:&quot;classic&quot;}\">\n\t\t\t\t\t\t\t<div class=\"elementor-background-overlay\"><\/div>\n\t\t\t\t\t\t\t<div class=\"elementor-container elementor-column-gap-default\">\n\t\t\t\t\t<div class=\"elementor-column elementor-col-50 elementor-top-column elementor-element elementor-element-1a081c18\" data-id=\"1a081c18\" data-element_type=\"column\">\n\t\t\t<div class=\"elementor-widget-wrap elementor-element-populated\">\n\t\t\t\t\t\t<div class=\"elementor-element elementor-element-5ea62680 elementor-widget elementor-widget-heading\" data-id=\"5ea62680\" data-element_type=\"widget\" data-widget_type=\"heading.default\">\n\t\t\t\t<div class=\"elementor-widget-container\">\n\t\t\t\t\t<h2 class=\"elementor-heading-title elementor-size-default\">Contact<\/h2>\t\t\t\t<\/div>\n\t\t\t\t<\/div>\n\t\t\t\t<div class=\"elementor-element elementor-element-9c8edd7 elementor-widget elementor-widget-text-editor\" data-id=\"9c8edd7\" data-element_type=\"widget\" data-widget_type=\"text-editor.default\">\n\t\t\t\t<div class=\"elementor-widget-container\">\n\t\t\t\t\t\t\t\t\t<p>We look forward to hearing from you.<\/p>\t\t\t\t\t\t\t\t<\/div>\n\t\t\t\t<\/div>\n\t\t\t\t<div class=\"elementor-element elementor-element-0f1bd2f elementor-align-left elementor-widget__width-inherit elementor-icon-list--layout-traditional elementor-list-item-link-full_width elementor-widget elementor-widget-icon-list\" data-id=\"0f1bd2f\" data-element_type=\"widget\" data-widget_type=\"icon-list.default\">\n\t\t\t\t<div class=\"elementor-widget-container\">\n\t\t\t\t\t\t\t<ul class=\"elementor-icon-list-items\">\n\t\t\t\t\t\t\t<li class=\"elementor-icon-list-item\">\n\t\t\t\t\t\t\t\t\t\t\t<a href=\"https:\/\/maps.app.goo.gl\/fBug9jKWaH64Z3fx6\">\n\n\t\t\t\t\t\t\t\t\t\t\t\t<span class=\"elementor-icon-list-icon\">\n\t\t\t\t\t\t\t<svg xmlns=\"http:\/\/www.w3.org\/2000\/svg\" viewbox=\"0 0 576 512\"><path d=\"M336 112C336 138.5 314.5 160 288 160C261.5 160 240 138.5 240 112C240 85.49 261.5 64 288 64C314.5 64 336 85.49 336 112zM288 80C270.3 80 256 94.33 256 112C256 129.7 270.3 144 288 144C305.7 144 320 129.7 320 112C320 94.33 305.7 80 288 80zM273.2 311.1C241.1 271.9 168 174.6 168 120C168 53.73 221.7 0 288 0C354.3 0 408 53.73 408 120C408 174.6 334.9 271.9 302.8 311.1C295.1 321.6 280.9 321.6 273.2 311.1V311.1zM381.3 161.2C388.4 144.5 392 130.5 392 120C392 62.56 345.4 16 288 16C230.6 16 184 62.56 184 120C184 130.5 187.6 144.5 194.7 161.2C201.6 177.6 211.3 195.4 222.2 213.1C243.1 248.4 269.8 282.2 285.7 301.1C286.9 303.6 289.1 303.6 290.3 301.1C306.2 282.2 332 248.4 353.8 213.1C364.7 195.4 374.4 177.6 381.3 161.2H381.3zM425.6 179.8C426.9 176.6 428.3 173.2 429.6 169.8L533.1 132.2C553.9 124.6 576 140.1 576 162.3V423.2C576 436.6 567.6 448.7 554.9 453.3L394.7 511.5C393.1 512.1 391.3 512.2 389.6 511.6L184.2 448.4L42.94 499.8C22.07 507.4 0 491.9 0 469.7V208.8C0 195.4 8.418 183.3 21.06 178.7L137.3 136.5C138.2 141.7 139.3 147 140.7 152.2L26.53 193.8C20.21 196.1 16 202.1 16 208.8V469.7C16 480.8 27.03 488.6 37.47 484.8L176 434.4V295.1C176 291.6 179.6 287.1 184 287.1C188.4 287.1 192 291.6 192 295.1V434.1L384 493.2V295.1C384 291.6 387.6 287.1 392 287.1C396.4 287.1 400 291.6 400 295.1V492.6L549.5 438.2C555.8 435.9 560 429.9 560 423.2V162.3C560 151.2 548.1 143.4 538.5 147.2L421.1 189.9C422.6 186.6 424.1 183.2 425.6 179.8L425.6 179.8z\"><\/path><\/svg>\t\t\t\t\t\t<\/span>\n\t\t\t\t\t\t\t\t\t\t<span class=\"elementor-icon-list-text\">106 Pl. du Ch\u00e2teau, 83460 Les Arcs, France<\/span>\n\t\t\t\t\t\t\t\t\t\t\t<\/a>\n\t\t\t\t\t\t\t\t\t<\/li>\n\t\t\t\t\t\t\t\t<li class=\"elementor-icon-list-item\">\n\t\t\t\t\t\t\t\t\t\t\t<a href=\"tel:+33494995110\">\n\n\t\t\t\t\t\t\t\t\t\t\t\t<span class=\"elementor-icon-list-icon\">\n\t\t\t\t\t\t\t<svg xmlns=\"http:\/\/www.w3.org\/2000\/svg\" viewbox=\"0 0 512 512\"><path d=\"M354.4 192.3C343 172.3 321.9 160 298.9 160H213.1c-23 0-44.13 12.25-55.5 32.25l-105.4 184.4C49.5 381.5 48 386.9 48 392.5V448c0 17.62 14.38 32 32 32h352c17.62 0 32-14.38 32-32v-55.5c0-5.625-1.5-11-4.25-15.88L354.4 192.3zM448 448c0 8.822-7.178 16-16 16h-352C71.18 464 64 456.8 64 448v-55.5c0-2.746 .7363-5.443 2.141-7.936l105.4-184.4C180 185.3 195.9 176 213.1 176h85.75c17.18 0 33.12 9.258 41.61 24.19l105.3 184.3C447.3 387.1 448 389.8 448 392.5V448zM256 240c-39.7 0-72 32.3-72 72S216.3 384 256 384s72-32.3 72-72S295.7 240 256 240zM256 368c-30.88 0-56-25.12-56-56S225.1 256 256 256s56 25.12 56 56S286.9 368 256 368zM503.5 124.9C434.1 65.02 346.2 32 256 32S77.91 65.02 8.469 124.9C3.078 129.6 0 136.4 0 143.6V200C0 213.2 10.55 224 23.5 224h67.94c9.016 0 17.28-5.312 21.28-14.06l25.58-67.97C172.7 127.2 211.2 120 256 120s83.34 7.188 117.7 21.97l25.8 68.5C403.3 218.7 411.5 224 420.6 224h67.94C501.5 224 512 213.2 512 200V143.6C512 136.4 508.9 129.6 503.5 124.9zM496 200c0 4.484-3.297 8-7.5 8h-67.94c-2.781 0-5.344-1.656-6.312-3.688l-27.94-74.25l-3.047-1.359C346 112.1 304.4 104 256 104S165.1 112.1 128.7 128.7L125.7 130.1L97.97 203.8C96.78 206.3 94.22 208 91.44 208H23.5C19.3 208 16 204.5 16 200V143.6c0-2.578 1.062-4.969 2.922-6.562C85.45 79.63 169.7 48 256 48s170.5 31.62 237.1 89.06C494.9 138.7 496 141 496 143.6V200z\"><\/path><\/svg>\t\t\t\t\t\t<\/span>\n\t\t\t\t\t\t\t\t\t\t<span class=\"elementor-icon-list-text\">+33494995110<\/span>\n\t\t\t\t\t\t\t\t\t\t\t<\/a>\n\t\t\t\t\t\t\t\t\t<\/li>\n\t\t\t\t\t\t\t\t<li class=\"elementor-icon-list-item\">\n\t\t\t\t\t\t\t\t\t\t\t<span class=\"elementor-icon-list-icon\">\n\t\t\t\t\t\t\t<svg xmlns=\"http:\/\/www.w3.org\/2000\/svg\" viewbox=\"0 0 640 512\"><path d=\"M16 127.1V156.2L220.8 321.4C241.4 337.9 270.6 337.9 291.2 321.4L325 294.1C323.1 301.8 321.7 309.8 320.9 317.9L301.2 333.8C274.8 355.1 237.2 355.1 210.8 333.8L15.1 176.7V384C15.1 410.5 37.49 432 63.1 432H348.5C352.1 437.6 356 442.9 360.2 448H64C28.65 448 0 419.3 0 384V128C0 92.65 28.65 64 64 64H448C483.3 64 512 92.65 512 128V160.7C506.7 160.2 501.4 160 496 160V128C496 101.5 474.5 80 448 80H64C37.49 80 16 101.5 16 128L16 127.1zM565.7 290.3C568.8 293.5 568.8 298.5 565.7 301.7L485.7 381.7C482.5 384.8 477.5 384.8 474.3 381.7L426.3 333.7C423.2 330.5 423.2 325.5 426.3 322.3C429.5 319.2 434.5 319.2 437.7 322.3L480 364.7L554.3 290.3C557.5 287.2 562.5 287.2 565.7 290.3H565.7zM352 336C352 256.5 416.5 191.1 496 191.1C575.5 191.1 640 256.5 640 336C640 415.5 575.5 480 496 480C416.5 480 352 415.5 352 336zM496 464C566.7 464 624 406.7 624 336C624 265.3 566.7 207.1 496 207.1C425.3 207.1 368 265.3 368 336C368 406.7 425.3 464 496 464z\"><\/path><\/svg>\t\t\t\t\t\t<\/span>\n\t\t\t\t\t\t\t\t\t\t<span class=\"elementor-icon-list-text\">Form opposite<\/span>\n\t\t\t\t\t\t\t\t\t<\/li>\n\t\t\t\t\t\t<\/ul>\n\t\t\t\t\t\t<\/div>\n\t\t\t\t<\/div>\n\t\t\t\t<div class=\"elementor-element elementor-element-968c0fa elementor-align-left elementor-tablet-align-center elementor-widget elementor-widget-button\" data-id=\"968c0fa\" data-element_type=\"widget\" data-widget_type=\"button.default\">\n\t\t\t\t<div class=\"elementor-widget-container\">\n\t\t\t\t\t\t\t\t\t<div class=\"elementor-button-wrapper\">\n\t\t\t\t\t<a class=\"elementor-button elementor-button-link elementor-size-sm elementor-animation-shrink\" href=\"https:\/\/www.secure-direct-hotel-booking.com\/module_booking_engine\/index.php?id_etab=e7aca82dc6bc58fb24c9ea6aecf3f6f2&#038;langue=francais&#038;date_deb=&#038;date_dep=&#038;nb_adulte=2&#038;nb_enfant=0&#038;nb_bebe=0&#038;code_promo=\" target=\"_blank\" rel=\"nofollow\">\n\t\t\t\t\t\t<span class=\"elementor-button-content-wrapper\">\n\t\t\t\t\t\t<span class=\"elementor-button-icon\">\n\t\t\t\t<svg xmlns=\"http:\/\/www.w3.org\/2000\/svg\" viewbox=\"0 0 448 512\"><path d=\"M437.7 106.3C440.8 109.5 440.8 114.5 437.7 117.7L165.7 389.7C162.5 392.8 157.5 392.8 154.3 389.7L10.34 245.7C7.219 242.5 7.219 237.5 10.34 234.3C13.47 231.2 18.53 231.2 21.66 234.3L159.1 372.7L426.3 106.3C429.5 103.2 434.5 103.2 437.7 106.3H437.7z\"><\/path><\/svg>\t\t\t<\/span>\n\t\t\t\t\t\t\t\t\t<span class=\"elementor-button-text\">Rates &amp; booking<\/span>\n\t\t\t\t\t<\/span>\n\t\t\t\t\t<\/a>\n\t\t\t\t<\/div>\n\t\t\t\t\t\t\t\t<\/div>\n\t\t\t\t<\/div>\n\t\t\t\t\t<\/div>\n\t\t<\/div>\n\t\t\t\t<div class=\"elementor-column elementor-col-50 elementor-top-column elementor-element elementor-element-37e476f9\" data-id=\"37e476f9\" data-element_type=\"column\">\n\t\t\t<div class=\"elementor-widget-wrap elementor-element-populated\">\n\t\t\t\t\t\t<div class=\"elementor-element elementor-element-65bbc309 elementor-widget elementor-widget-cf7\" data-id=\"65bbc309\" data-element_type=\"widget\" data-widget_type=\"cf7.default\">\n\t\t\t\t<div class=\"elementor-widget-container\">\n\t\t\t\t\t\n\t\t<div class=\"nd_elements_cf7_component\">\n\t\t\t\n<div class=\"wpcf7 no-js\" id=\"wpcf7-f489-o1\" lang=\"en-US\" dir=\"ltr\" data-wpcf7-id=\"489\">\n<div class=\"screen-reader-response\"><p role=\"status\" aria-live=\"polite\" aria-atomic=\"true\"><\/p> <ul><\/ul><\/div>\n<form action=\"\/en\/wp-json\/wp\/v2\/pages\/483#wpcf7-f489-o1\" method=\"post\" class=\"wpcf7-form init\" aria-label=\"Contact form\" novalidate=\"novalidate\" data-status=\"init\" data-trp-original-action=\"\/en\/wp-json\/wp\/v2\/pages\/483#wpcf7-f489-o1\">\n<fieldset class=\"hidden-fields-container\"><input type=\"hidden\" name=\"_wpcf7\" value=\"489\" \/><input type=\"hidden\" name=\"_wpcf7_version\" value=\"6.1.3\" \/><input type=\"hidden\" name=\"_wpcf7_locale\" value=\"en_US\" \/><input type=\"hidden\" name=\"_wpcf7_unit_tag\" value=\"wpcf7-f489-o1\" \/><input type=\"hidden\" name=\"_wpcf7_container_post\" value=\"0\" \/><input type=\"hidden\" name=\"_wpcf7_posted_data_hash\" value=\"\" \/>\n<\/fieldset>\n<p><span class=\"wpcf7-form-control-wrap\" data-name=\"name-tx\"><input size=\"40\" maxlength=\"400\" class=\"wpcf7-form-control wpcf7-text\" aria-invalid=\"false\" placeholder=\"Name\" value=\"\" type=\"text\" name=\"name-tx\" \/><\/span><br \/>\n<span class=\"wpcf7-form-control-wrap\" data-name=\"email-634\"><input size=\"40\" maxlength=\"400\" class=\"wpcf7-form-control wpcf7-email wpcf7-text wpcf7-validates-as-email\" aria-invalid=\"false\" placeholder=\"Email\" value=\"\" type=\"email\" name=\"email-634\" \/><\/span><br \/>\n<span class=\"wpcf7-form-control-wrap\" data-name=\"tel-653\"><input size=\"40\" maxlength=\"400\" class=\"wpcf7-form-control wpcf7-tel wpcf7-text wpcf7-validates-as-tel\" aria-invalid=\"false\" placeholder=\"Phone\" value=\"\" type=\"tel\" name=\"tel-653\" \/><\/span><br \/>\n<span class=\"wpcf7-form-control-wrap\" data-name=\"textarea-120\"><textarea cols=\"40\" rows=\"4\" maxlength=\"2000\" class=\"wpcf7-form-control wpcf7-textarea\" aria-invalid=\"false\" placeholder=\"Message\" name=\"textarea-120\"><\/textarea><\/span><br \/>\n<input class=\"wpcf7-form-control wpcf7-submit has-spinner\" type=\"submit\" value=\"Send\" \/>\n<\/p><div class=\"wpcf7-response-output\" aria-hidden=\"true\"><\/div>\n<input type=\"hidden\" name=\"trp-form-language\" value=\"en\"\/><\/form>\n<\/div>\n\n\t\t<\/div>\t\t\t\t<\/div>\n\t\t\t\t<\/div>\n\t\t\t\t\t<\/div>\n\t\t<\/div>\n\t\t\t\t\t<\/div>\n\t\t<\/section>\n\t\t<div class=\"elementor-element elementor-element-ebbee0f e-flex e-con-boxed e-con e-parent\" data-id=\"ebbee0f\" data-element_type=\"container\">\n\t\t\t\t\t<div class=\"e-con-inner\">\n\t\t<div class=\"elementor-element elementor-element-316cb57 e-grid e-con-full e-con e-child\" data-id=\"316cb57\" data-element_type=\"container\">\n\t\t\t\t<div class=\"elementor-element elementor-element-2c69245 elementor-widget elementor-widget-html\" data-id=\"2c69245\" data-element_type=\"widget\" data-widget_type=\"html.default\">\n\t\t\t\t<div class=\"elementor-widget-container\">\n\t\t\t\t\t<iframe src=\"https:\/\/www.google.com\/maps\/embed?pb=!1m18!1m12!1m3!1d26443.706512781282!2d6.46103137486146!3d43.47043563551!2m3!1f0!2f0!3f0!3m2!1i1024!2i768!4f13.1!3m3!1m2!1s0x12cead4c59801593%3A0x3272f8ae2b635cfb!2zwqsgTGEgdGFibGUgwrsgZHUgY2jDonRlYXUgZOKAmUFyZ2Vucw!5e0!3m2!1sfr!2sde!4v1738749182381!5m2!1sfr!2sde\"width=\"1600\" height=\"450\" style=\"border:0;filter:grayscale(0.9);\" allowfullscreen=\"\" loading=\"lazy\" referrerpolicy=\"no-referrer-when-downgrade\"><\/iframe>\t\t\t\t<\/div>\n\t\t\t\t<\/div>\n\t\t\t\t<\/div>\n\t\t\t\t\t<\/div>\n\t\t\t\t<\/div>\n\t\t\t\t<\/div>","protected":false},"excerpt":{"rendered":"<p>Form &amp; access Contact Information We will be happy to respond to you as soon as possible 106 Pl. du Ch\u00e2teau, 83460 Les Arcs, France +33494995110 Form next to Rates &amp; booking<\/p>","protected":false},"author":5,"featured_media":9755,"parent":0,"menu_order":0,"comment_status":"closed","ping_status":"closed","template":"elementor_header_footer","meta":{"footnotes":""},"class_list":["post-483","page","type-page","status-publish","has-post-thumbnail","hentry"],"yoast_head":"<!-- This site is optimized with the Yoast SEO plugin v26.4 - https:\/\/yoast.com\/wordpress\/plugins\/seo\/ -->\n<title>Contact | Hotel Restaurant 4* |\u00a0Ch\u00e2teau d&#039;Argens |\u00a0Arc Sur Argens<\/title>\n<meta name=\"description\" content=\"Contactez l&#039;h\u00f4tel restaurant chateau d&#039;Argens Draguignan Var, R\u00e9servation chambre h\u00e9bergement meilleur tarif cadre historique\" \/>\n<meta name=\"robots\" content=\"index, follow, max-snippet:-1, max-image-preview:large, max-video-preview:-1\" \/>\n<link rel=\"canonical\" href=\"https:\/\/chateaudargens.com\/en\/contact\/\" \/>\n<meta property=\"og:locale\" content=\"en_US\" \/>\n<meta property=\"og:type\" content=\"article\" \/>\n<meta property=\"og:title\" content=\"Contact | Hotel Restaurant 4* |\u00a0Ch\u00e2teau d&#039;Argens |\u00a0Arc Sur Argens\" \/>\n<meta property=\"og:description\" content=\"Contactez l&#039;h\u00f4tel restaurant chateau d&#039;Argens Draguignan Var, R\u00e9servation chambre h\u00e9bergement meilleur tarif cadre historique\" \/>\n<meta property=\"og:url\" content=\"https:\/\/chateaudargens.com\/en\/contact\/\" \/>\n<meta property=\"og:site_name\" content=\"Hotel Restaurant 4* |\u00a0Ch\u00e2teau d&#039;Argens |\u00a0Arc Sur Argens\" \/>\n<meta property=\"article:publisher\" content=\"https:\/\/www.facebook.com\/LeChateauDargens\" \/>\n<meta property=\"article:modified_time\" content=\"2026-03-19T08:15:00+00:00\" \/>\n<meta property=\"og:image\" content=\"https:\/\/chateaudargens.com\/wp-content\/uploads\/2025\/02\/img_8379.jpeg\" \/>\n\t<meta property=\"og:image:width\" content=\"1170\" \/>\n\t<meta property=\"og:image:height\" content=\"1545\" \/>\n\t<meta property=\"og:image:type\" content=\"image\/jpeg\" \/>\n<meta name=\"twitter:card\" content=\"summary_large_image\" \/>\n<meta name=\"twitter:label1\" content=\"Est. reading time\" \/>\n\t<meta name=\"twitter:data1\" content=\"1 minute\" \/>\n<script type=\"application\/ld+json\" class=\"yoast-schema-graph\">{\"@context\":\"https:\/\/schema.org\",\"@graph\":[{\"@type\":\"WebPage\",\"@id\":\"https:\/\/chateaudargens.com\/contact\/\",\"url\":\"https:\/\/chateaudargens.com\/contact\/\",\"name\":\"Contact | Hotel Restaurant 4* |\u00a0Ch\u00e2teau d&#039;Argens |\u00a0Arc Sur Argens\",\"isPartOf\":{\"@id\":\"https:\/\/chateaudargens.com\/#website\"},\"primaryImageOfPage\":{\"@id\":\"https:\/\/chateaudargens.com\/contact\/#primaryimage\"},\"image\":{\"@id\":\"https:\/\/chateaudargens.com\/contact\/#primaryimage\"},\"thumbnailUrl\":\"https:\/\/chateaudargens.com\/wp-content\/uploads\/2025\/02\/img_8379.jpeg\",\"datePublished\":\"2021-03-30T10:06:02+00:00\",\"dateModified\":\"2026-03-19T08:15:00+00:00\",\"description\":\"Contactez l'h\u00f4tel restaurant chateau d'Argens Draguignan Var, R\u00e9servation chambre h\u00e9bergement meilleur tarif cadre historique\",\"breadcrumb\":{\"@id\":\"https:\/\/chateaudargens.com\/contact\/#breadcrumb\"},\"inLanguage\":\"en-US\",\"potentialAction\":[{\"@type\":\"ReadAction\",\"target\":[\"https:\/\/chateaudargens.com\/contact\/\"]}]},{\"@type\":\"ImageObject\",\"inLanguage\":\"en-US\",\"@id\":\"https:\/\/chateaudargens.com\/contact\/#primaryimage\",\"url\":\"https:\/\/chateaudargens.com\/wp-content\/uploads\/2025\/02\/img_8379.jpeg\",\"contentUrl\":\"https:\/\/chateaudargens.com\/wp-content\/uploads\/2025\/02\/img_8379.jpeg\",\"width\":1170,\"height\":1545,\"caption\":\"Screenshot\"},{\"@type\":\"BreadcrumbList\",\"@id\":\"https:\/\/chateaudargens.com\/contact\/#breadcrumb\",\"itemListElement\":[{\"@type\":\"ListItem\",\"position\":1,\"name\":\"Accueil\",\"item\":\"https:\/\/chateaudargens.com\/\"},{\"@type\":\"ListItem\",\"position\":2,\"name\":\"Contact\"}]},{\"@type\":\"WebSite\",\"@id\":\"https:\/\/chateaudargens.com\/#website\",\"url\":\"https:\/\/chateaudargens.com\/\",\"name\":\"Hotel Restaurant 4* |\u00a0Ch\u00e2teau d'Argens |\u00a0Arc Sur Argens\",\"description\":\"\",\"publisher\":{\"@id\":\"https:\/\/chateaudargens.com\/#organization\"},\"potentialAction\":[{\"@type\":\"SearchAction\",\"target\":{\"@type\":\"EntryPoint\",\"urlTemplate\":\"https:\/\/chateaudargens.com\/?s={search_term_string}\"},\"query-input\":{\"@type\":\"PropertyValueSpecification\",\"valueRequired\":true,\"valueName\":\"search_term_string\"}}],\"inLanguage\":\"en-US\"},{\"@type\":\"Organization\",\"@id\":\"https:\/\/chateaudargens.com\/#organization\",\"name\":\"Ch\u00e2teau d'Argens \u00e0 Arc Sur Argens\",\"url\":\"https:\/\/chateaudargens.com\/\",\"logo\":{\"@type\":\"ImageObject\",\"inLanguage\":\"en-US\",\"@id\":\"https:\/\/chateaudargens.com\/#\/schema\/logo\/image\/\",\"url\":\"https:\/\/chateaudargens.com\/wp-content\/uploads\/2025\/01\/cropped-c-1-1.png\",\"contentUrl\":\"https:\/\/chateaudargens.com\/wp-content\/uploads\/2025\/01\/cropped-c-1-1.png\",\"width\":512,\"height\":512,\"caption\":\"Ch\u00e2teau d'Argens \u00e0 Arc Sur Argens\"},\"image\":{\"@id\":\"https:\/\/chateaudargens.com\/#\/schema\/logo\/image\/\"},\"sameAs\":[\"https:\/\/www.facebook.com\/LeChateauDargens\",\"https:\/\/www.instagram.com\/lechateaudargens\/\"]}]}<\/script>\n<!-- \/ Yoast SEO plugin. -->","yoast_head_json":{"title":"Contact | Hotel Restaurant 4* | Ch\u00e2teau d'Argens | Arc Sur Argens","description":"Contact hotel restaurant chateau d'Argens Draguignan Var, Reservation room accommodation best rates historic setting","robots":{"index":"index","follow":"follow","max-snippet":"max-snippet:-1","max-image-preview":"max-image-preview:large","max-video-preview":"max-video-preview:-1"},"canonical":"https:\/\/chateaudargens.com\/en\/contact\/","og_locale":"en_US","og_type":"article","og_title":"Contact | Hotel Restaurant 4* |\u00a0Ch\u00e2teau d&#039;Argens |\u00a0Arc Sur Argens","og_description":"Contactez l'h\u00f4tel restaurant chateau d'Argens Draguignan Var, R\u00e9servation chambre h\u00e9bergement meilleur tarif cadre historique","og_url":"https:\/\/chateaudargens.com\/en\/contact\/","og_site_name":"Hotel Restaurant 4* |\u00a0Ch\u00e2teau d&#039;Argens |\u00a0Arc Sur Argens","article_publisher":"https:\/\/www.facebook.com\/LeChateauDargens","article_modified_time":"2026-03-19T08:15:00+00:00","og_image":[{"width":1170,"height":1545,"url":"https:\/\/chateaudargens.com\/wp-content\/uploads\/2025\/02\/img_8379.jpeg","type":"image\/jpeg"}],"twitter_card":"summary_large_image","twitter_misc":{"Est. reading time":"1 minute"},"schema":{"@context":"https:\/\/schema.org","@graph":[{"@type":"WebPage","@id":"https:\/\/chateaudargens.com\/contact\/","url":"https:\/\/chateaudargens.com\/contact\/","name":"Contact | Hotel Restaurant 4* | Ch\u00e2teau d'Argens | Arc Sur Argens","isPartOf":{"@id":"https:\/\/chateaudargens.com\/#website"},"primaryImageOfPage":{"@id":"https:\/\/chateaudargens.com\/contact\/#primaryimage"},"image":{"@id":"https:\/\/chateaudargens.com\/contact\/#primaryimage"},"thumbnailUrl":"https:\/\/chateaudargens.com\/wp-content\/uploads\/2025\/02\/img_8379.jpeg","datePublished":"2021-03-30T10:06:02+00:00","dateModified":"2026-03-19T08:15:00+00:00","description":"Contact hotel restaurant chateau d'Argens Draguignan Var, Reservation room accommodation best rates historic setting","breadcrumb":{"@id":"https:\/\/chateaudargens.com\/contact\/#breadcrumb"},"inLanguage":"en-US","potentialAction":[{"@type":"ReadAction","target":["https:\/\/chateaudargens.com\/contact\/"]}]},{"@type":"ImageObject","inLanguage":"en-US","@id":"https:\/\/chateaudargens.com\/contact\/#primaryimage","url":"https:\/\/chateaudargens.com\/wp-content\/uploads\/2025\/02\/img_8379.jpeg","contentUrl":"https:\/\/chateaudargens.com\/wp-content\/uploads\/2025\/02\/img_8379.jpeg","width":1170,"height":1545,"caption":"Screenshot"},{"@type":"BreadcrumbList","@id":"https:\/\/chateaudargens.com\/contact\/#breadcrumb","itemListElement":[{"@type":"ListItem","position":1,"name":"Accueil","item":"https:\/\/chateaudargens.com\/"},{"@type":"ListItem","position":2,"name":"Contact"}]},{"@type":"WebSite","@id":"https:\/\/chateaudargens.com\/#website","url":"https:\/\/chateaudargens.com\/","name":"Hotel Restaurant 4* | Ch\u00e2teau d'Argens | Arc Sur Argens","description":"","publisher":{"@id":"https:\/\/chateaudargens.com\/#organization"},"potentialAction":[{"@type":"SearchAction","target":{"@type":"EntryPoint","urlTemplate":"https:\/\/chateaudargens.com\/?s={search_term_string}"},"query-input":{"@type":"PropertyValueSpecification","valueRequired":true,"valueName":"search_term_string"}}],"inLanguage":"en-US"},{"@type":"Organization","@id":"https:\/\/chateaudargens.com\/#organization","name":"Ch\u00e2teau d'Argens in Arc Sur Argens","url":"https:\/\/chateaudargens.com\/","logo":{"@type":"ImageObject","inLanguage":"en-US","@id":"https:\/\/chateaudargens.com\/#\/schema\/logo\/image\/","url":"https:\/\/chateaudargens.com\/wp-content\/uploads\/2025\/01\/cropped-c-1-1.png","contentUrl":"https:\/\/chateaudargens.com\/wp-content\/uploads\/2025\/01\/cropped-c-1-1.png","width":512,"height":512,"caption":"Ch\u00e2teau d'Argens \u00e0 Arc Sur Argens"},"image":{"@id":"https:\/\/chateaudargens.com\/#\/schema\/logo\/image\/"},"sameAs":["https:\/\/www.facebook.com\/LeChateauDargens","https:\/\/www.instagram.com\/lechateaudargens\/"]}]}},"_links":{"self":[{"href":"https:\/\/chateaudargens.com\/en\/wp-json\/wp\/v2\/pages\/483","targetHints":{"allow":["GET"]}}],"collection":[{"href":"https:\/\/chateaudargens.com\/en\/wp-json\/wp\/v2\/pages"}],"about":[{"href":"https:\/\/chateaudargens.com\/en\/wp-json\/wp\/v2\/types\/page"}],"author":[{"embeddable":true,"href":"https:\/\/chateaudargens.com\/en\/wp-json\/wp\/v2\/users\/5"}],"replies":[{"embeddable":true,"href":"https:\/\/chateaudargens.com\/en\/wp-json\/wp\/v2\/comments?post=483"}],"version-history":[{"count":8,"href":"https:\/\/chateaudargens.com\/en\/wp-json\/wp\/v2\/pages\/483\/revisions"}],"predecessor-version":[{"id":11117,"href":"https:\/\/chateaudargens.com\/en\/wp-json\/wp\/v2\/pages\/483\/revisions\/11117"}],"wp:featuredmedia":[{"embeddable":true,"href":"https:\/\/chateaudargens.com\/en\/wp-json\/wp\/v2\/media\/9755"}],"wp:attachment":[{"href":"https:\/\/chateaudargens.com\/en\/wp-json\/wp\/v2\/media?parent=483"}],"curies":[{"name":"wp","href":"https:\/\/api.w.org\/{rel}","templated":true}]}}